{"id":195,"date":"2021-06-22T07:11:19","date_gmt":"2021-06-22T07:11:19","guid":{"rendered":"https:\/\/www.maquinaria-hosteleria.net\/hosteleria\/?page_id=195"},"modified":"2021-06-22T07:19:24","modified_gmt":"2021-06-22T07:19:24","slug":"maquinaria-industrial-hosteleria","status":"publish","type":"page","link":"https:\/\/www.maquinaria-hosteleria.net\/hosteleria\/maquinaria-industrial-hosteleria\/","title":{"rendered":"Maquinaria Industrial para Hosteler\u00eda"},"content":{"rendered":"\n<p>Tenemos toda la maquinaria esencial para la Hosteler\u00eda. <\/p>\n\n\n\n<h2 class=\"wp-block-heading\"><strong><em>Su equipamiento completo para&nbsp;maquinaria&nbsp;industrial de&nbsp;hosteler\u00eda.<\/em><\/strong><\/h2>\n\n\n\n<p>Para restaurantes, bares, cafeter\u00edas y hoteles. Con los precios m\u00e1s competitivos y las mejores marcas. Marcas en exclusiva <strong>Fabricado en Espa\u00f1a<\/strong>. Fabricaci\u00f3n de maquinaria Industrial propia para la Hosteler\u00eda. <\/p>\n\n\n\n<p><\/p>\n\n\n\n<figure class=\"wp-block-image size-large\"><a href=\"https:\/\/www.maquinaria-hosteleria.net\/\" target=\"_blank\" rel=\"noopener\"><img loading=\"lazy\" decoding=\"async\" width=\"1024\" height=\"541\" src=\"https:\/\/www.maquinaria-hosteleria.net\/hosteleria\/wp-content\/uploads\/2020\/11\/maquinaria-web-1024x541.jpg\" alt=\"Maquinaria Industrial Hosteleria\" class=\"wp-image-94\" title=\"Maquinaria industrial para Hosteler\u00eda.\" srcset=\"https:\/\/www.maquinaria-hosteleria.net\/hosteleria\/wp-content\/uploads\/2020\/11\/maquinaria-web-1024x541.jpg 1024w, https:\/\/www.maquinaria-hosteleria.net\/hosteleria\/wp-content\/uploads\/2020\/11\/maquinaria-web-300x159.jpg 300w, https:\/\/www.maquinaria-hosteleria.net\/hosteleria\/wp-content\/uploads\/2020\/11\/maquinaria-web-768x406.jpg 768w, https:\/\/www.maquinaria-hosteleria.net\/hosteleria\/wp-content\/uploads\/2020\/11\/maquinaria-web-1536x812.jpg 1536w, https:\/\/www.maquinaria-hosteleria.net\/hosteleria\/wp-content\/uploads\/2020\/11\/maquinaria-web-2048x1083.jpg 2048w\" sizes=\"auto, (max-width: 1024px) 100vw, 1024px\" \/><\/a><figcaption><a rel=\"noreferrer noopener\" href=\"https:\/\/www.maquinaria-hosteleria.net\/\" data-type=\"URL\" data-id=\"https:\/\/www.maquinaria-hosteleria.net\/\" target=\"_blank\">https:\/\/www.maquinaria-hosteleria.net\/<\/a> Accede a los cat\u00e1logos PDF de Maquinaria Industrial Hosteler\u00eda<\/figcaption><\/figure>\n\n\n\n<h3 class=\"wp-block-heading\">Los mejores precios en Maquinaria Industrial para Hosteler\u00eda. Descarga los cat\u00e1logos PDF y haga su presupuesto online. <\/h3>\n\n\n\n<p>Descarga PDF. Anote e indique las referencias. <\/p>\n\n\n\n<hr class=\"wp-block-separator\"\/>\n\n\n\n<div class=\"wp-block-columns is-layout-flex wp-container-core-columns-is-layout-9d6595d7 wp-block-columns-is-layout-flex\">\n<div class=\"wp-block-column is-layout-flow wp-block-column-is-layout-flow\">\n<ul class=\"wp-block-list\" id=\"block-3fdf29dd-103b-4d8b-8724-5a8fae488596\"><li><strong><a href=\"https:\/\/www.maquinaria-hosteleria.net\/ofertas\/Armarios_Refrigerados.pdf\" target=\"_blank\" rel=\"noreferrer noopener\">ARMARIOS REFRIGERADOS<\/a><\/strong><\/li><li><strong><a href=\"https:\/\/www.maquinaria-hosteleria.net\/ofertas\/Lavado.pdf\" target=\"_blank\" rel=\"noreferrer noopener\">LAVAVAJILLAS<\/a><\/strong><\/li><li><strong><a href=\"https:\/\/www.maquinaria-hosteleria.net\/ofertas\/Fregaderos_Griferia.pdf\" target=\"_blank\" rel=\"noreferrer noopener\">FREGADEROS GRIFERIA<\/a><\/strong><\/li><li><strong><a href=\"https:\/\/www.maquinaria-hosteleria.net\/ofertas\/Fabricadores_Hielo.pdf\" target=\"_blank\" rel=\"noreferrer noopener\">FABRICADORES HIELO<\/a><\/strong><\/li><li><strong><a href=\"https:\/\/www.maquinaria-hosteleria.net\/ofertas\/Arcones_Botelleros.pdf\" target=\"_blank\" rel=\"noreferrer noopener\">ARCONES &#8211; BOTELLEROS<\/a><\/strong><\/li><li><strong><a href=\"https:\/\/www.maquinaria-hosteleria.net\/ofertas\/Arcones_Botelleros.pdf\" target=\"_blank\" rel=\"noreferrer noopener\">ABATIDORES<\/a><\/strong><\/li><\/ul>\n<\/div>\n\n\n\n<div class=\"wp-block-column is-layout-flow wp-block-column-is-layout-flow\">\n<ul class=\"wp-block-list\" id=\"block-e20502c2-4033-4b20-a38f-6578c5c8ab17\"><li><strong><a href=\"https:\/\/www.maquinaria-hosteleria.net\/ofertas\/Mesas_Refrigeradas.pdf\" target=\"_blank\" rel=\"noreferrer noopener\">MESAS REFRIGERADAS<\/a><\/strong><\/li><li><strong><a href=\"https:\/\/www.maquinaria-hosteleria.net\/ofertas\/Vitrinas.pdf\" target=\"_blank\" rel=\"noreferrer noopener\">VITRINAS REFRIGERADAS<\/a><\/strong><\/li><li><strong><a href=\"https:\/\/www.maquinaria-hosteleria.net\/ofertas\/Mesas_Inoxidables.pdf\" target=\"_blank\" rel=\"noreferrer noopener\">MUEBLES ACERO INOX.<\/a><\/strong><\/li><li><strong><a href=\"https:\/\/www.maquinaria-hosteleria.net\/ofertas\/Cocinas.pdf\" target=\"_blank\" rel=\"noreferrer noopener\">COCINAS GAS &#8211; EL\u00c9CTRICA<\/a><\/strong><\/li><li><strong><a href=\"https:\/\/www.maquinaria-hosteleria.net\/ofertas\/Hornos_Pizza.pdf\" target=\"_blank\" rel=\"noreferrer noopener\">HORNOS<\/a><\/strong><\/li><li><strong><a href=\"https:\/\/www.maquinaria-hosteleria.net\/ofertas\/Asador_Pollos.pdf\" target=\"_blank\" rel=\"noreferrer noopener\">ASADORES DE POLLOS<\/a><\/strong><\/li><\/ul>\n<\/div>\n<\/div>\n\n\n\n<hr class=\"wp-block-separator\"\/>\n\n\n\n<p>Debe enviar en <a href=\"https:\/\/www.maquinaria-hosteleria.net\/presupuestos.html\">PRESUPUESTOS<\/a> con sus datos de empresa y Referencia de los productos. La empresa le indicar\u00e1 en 24h con el presupuesto final y la fecha de entrega.<\/p>\n","protected":false},"excerpt":{"rendered":"<p>Tenemos toda la maquinaria esencial para la Hosteler\u00eda. Su equipamiento completo para&nbsp;maquinaria&nbsp;industrial de&nbsp;hosteler\u00eda. Para restaurantes, bares, cafeter\u00edas y hoteles. Con los precios m\u00e1s competitivos y las mejores marcas. Marcas en exclusiva Fabricado en Espa\u00f1a. Fabricaci\u00f3n de maquinaria Industrial propia para la Hosteler\u00eda. Los mejores precios en Maquinaria Industrial para Hosteler\u00eda. Descarga los cat\u00e1logos PDF y [&hellip;]<\/p>\n","protected":false},"author":1,"featured_media":94,"parent":0,"menu_order":0,"comment_status":"closed","ping_status":"closed","template":"templates\/template_page-full-width.php","meta":{"_acf_changed":false,"footnotes":""},"class_list":["post-195","page","type-page","status-publish","has-post-thumbnail","hentry"],"acf":[],"yoast_head":"<!-- This site is optimized with the Yoast SEO plugin v27.4 - https:\/\/yoast.com\/product\/yoast-seo-wordpress\/ -->\n<title>Maquinaria Industrial para Hosteler\u00eda | \u25b7 HOSTELER\u00cdA MAQUINARIA\u00ae<\/title>\n<meta name=\"robots\" content=\"index, follow, max-snippet:-1, max-image-preview:large, max-video-preview:-1\" \/>\n<link rel=\"canonical\" href=\"https:\/\/www.maquinaria-hosteleria.net\/hosteleria\/maquinaria-industrial-hosteleria\/\" \/>\n<meta property=\"og:locale\" content=\"es_ES\" \/>\n<meta property=\"og:type\" content=\"article\" \/>\n<meta property=\"og:title\" content=\"Maquinaria Industrial para Hosteler\u00eda | \u25b7 HOSTELER\u00cdA MAQUINARIA\u00ae\" \/>\n<meta property=\"og:description\" content=\"Tenemos toda la maquinaria esencial para la Hosteler\u00eda. Su equipamiento completo para&nbsp;maquinaria&nbsp;industrial de&nbsp;hosteler\u00eda. Para restaurantes, bares, cafeter\u00edas y hoteles. Con los precios m\u00e1s competitivos y las mejores marcas. Marcas en exclusiva Fabricado en Espa\u00f1a. Fabricaci\u00f3n de maquinaria Industrial propia para la Hosteler\u00eda. Los mejores precios en Maquinaria Industrial para Hosteler\u00eda. Descarga los cat\u00e1logos PDF y [&hellip;]\" \/>\n<meta property=\"og:url\" content=\"https:\/\/www.maquinaria-hosteleria.net\/hosteleria\/maquinaria-industrial-hosteleria\/\" \/>\n<meta property=\"og:site_name\" content=\"\u25b7 HOSTELER\u00cdA MAQUINARIA\u00ae\" \/>\n<meta property=\"article:modified_time\" content=\"2021-06-22T07:19:24+00:00\" \/>\n<meta property=\"og:image\" content=\"https:\/\/www.maquinaria-hosteleria.net\/hosteleria\/wp-content\/uploads\/2020\/11\/maquinaria-web.jpg\" \/>\n\t<meta property=\"og:image:width\" content=\"2151\" \/>\n\t<meta property=\"og:image:height\" content=\"1137\" \/>\n\t<meta property=\"og:image:type\" content=\"image\/jpeg\" \/>\n<meta name=\"twitter:card\" content=\"summary_large_image\" \/>\n<meta name=\"twitter:site\" content=\"@suministros\" \/>\n<meta name=\"twitter:label1\" content=\"Tiempo de lectura\" \/>\n\t<meta name=\"twitter:data1\" content=\"1 minuto\" \/>\n<script type=\"application\/ld+json\" class=\"yoast-schema-graph\">{\"@context\":\"https:\\\/\\\/schema.org\",\"@graph\":[{\"@type\":\"WebPage\",\"@id\":\"https:\\\/\\\/www.maquinaria-hosteleria.net\\\/hosteleria\\\/maquinaria-industrial-hosteleria\\\/\",\"url\":\"https:\\\/\\\/www.maquinaria-hosteleria.net\\\/hosteleria\\\/maquinaria-industrial-hosteleria\\\/\",\"name\":\"Maquinaria Industrial para Hosteler\u00eda | \u25b7 HOSTELER\u00cdA MAQUINARIA\u00ae\",\"isPartOf\":{\"@id\":\"https:\\\/\\\/www.maquinaria-hosteleria.net\\\/hosteleria\\\/#website\"},\"primaryImageOfPage\":{\"@id\":\"https:\\\/\\\/www.maquinaria-hosteleria.net\\\/hosteleria\\\/maquinaria-industrial-hosteleria\\\/#primaryimage\"},\"image\":{\"@id\":\"https:\\\/\\\/www.maquinaria-hosteleria.net\\\/hosteleria\\\/maquinaria-industrial-hosteleria\\\/#primaryimage\"},\"thumbnailUrl\":\"https:\\\/\\\/www.maquinaria-hosteleria.net\\\/hosteleria\\\/wp-content\\\/uploads\\\/2020\\\/11\\\/maquinaria-web.jpg\",\"datePublished\":\"2021-06-22T07:11:19+00:00\",\"dateModified\":\"2021-06-22T07:19:24+00:00\",\"breadcrumb\":{\"@id\":\"https:\\\/\\\/www.maquinaria-hosteleria.net\\\/hosteleria\\\/maquinaria-industrial-hosteleria\\\/#breadcrumb\"},\"inLanguage\":\"es\",\"potentialAction\":[{\"@type\":\"ReadAction\",\"target\":[\"https:\\\/\\\/www.maquinaria-hosteleria.net\\\/hosteleria\\\/maquinaria-industrial-hosteleria\\\/\"]}]},{\"@type\":\"ImageObject\",\"inLanguage\":\"es\",\"@id\":\"https:\\\/\\\/www.maquinaria-hosteleria.net\\\/hosteleria\\\/maquinaria-industrial-hosteleria\\\/#primaryimage\",\"url\":\"https:\\\/\\\/www.maquinaria-hosteleria.net\\\/hosteleria\\\/wp-content\\\/uploads\\\/2020\\\/11\\\/maquinaria-web.jpg\",\"contentUrl\":\"https:\\\/\\\/www.maquinaria-hosteleria.net\\\/hosteleria\\\/wp-content\\\/uploads\\\/2020\\\/11\\\/maquinaria-web.jpg\",\"width\":2151,\"height\":1137,\"caption\":\"Maquinaria Industrial Hosteleria\"},{\"@type\":\"BreadcrumbList\",\"@id\":\"https:\\\/\\\/www.maquinaria-hosteleria.net\\\/hosteleria\\\/maquinaria-industrial-hosteleria\\\/#breadcrumb\",\"itemListElement\":[{\"@type\":\"ListItem\",\"position\":1,\"name\":\"Portada\",\"item\":\"https:\\\/\\\/www.maquinaria-hosteleria.net\\\/hosteleria\\\/\"},{\"@type\":\"ListItem\",\"position\":2,\"name\":\"Maquinaria Industrial para Hosteler\u00eda\"}]},{\"@type\":\"WebSite\",\"@id\":\"https:\\\/\\\/www.maquinaria-hosteleria.net\\\/hosteleria\\\/#website\",\"url\":\"https:\\\/\\\/www.maquinaria-hosteleria.net\\\/hosteleria\\\/\",\"name\":\"\u25b7 HOSTELER\u00cdA MAQUINARIA\u00ae\",\"description\":\"Especialistas en Venta de Maquinaria de Hosteler\u00eda a los mejores precios. \u2705 Cocinas, Vitrinas, Equipamiento en Maquinaria para Hoteles, Restaurantes, Bares, Negocios \u2705 Calidad y primeras marcas.\",\"publisher\":{\"@id\":\"https:\\\/\\\/www.maquinaria-hosteleria.net\\\/hosteleria\\\/#organization\"},\"potentialAction\":[{\"@type\":\"SearchAction\",\"target\":{\"@type\":\"EntryPoint\",\"urlTemplate\":\"https:\\\/\\\/www.maquinaria-hosteleria.net\\\/hosteleria\\\/?s={search_term_string}\"},\"query-input\":{\"@type\":\"PropertyValueSpecification\",\"valueRequired\":true,\"valueName\":\"search_term_string\"}}],\"inLanguage\":\"es\"},{\"@type\":\"Organization\",\"@id\":\"https:\\\/\\\/www.maquinaria-hosteleria.net\\\/hosteleria\\\/#organization\",\"name\":\"Maquinaria Hosteler\u00eda\",\"url\":\"https:\\\/\\\/www.maquinaria-hosteleria.net\\\/hosteleria\\\/\",\"logo\":{\"@type\":\"ImageObject\",\"inLanguage\":\"es\",\"@id\":\"https:\\\/\\\/www.maquinaria-hosteleria.net\\\/hosteleria\\\/#\\\/schema\\\/logo\\\/image\\\/\",\"url\":\"https:\\\/\\\/www.maquinaria-hosteleria.net\\\/hosteleria\\\/wp-content\\\/uploads\\\/2020\\\/11\\\/maquinaria-hosteleria-2021.jpg\",\"contentUrl\":\"https:\\\/\\\/www.maquinaria-hosteleria.net\\\/hosteleria\\\/wp-content\\\/uploads\\\/2020\\\/11\\\/maquinaria-hosteleria-2021.jpg\",\"width\":1100,\"height\":776,\"caption\":\"Maquinaria Hosteler\u00eda\"},\"image\":{\"@id\":\"https:\\\/\\\/www.maquinaria-hosteleria.net\\\/hosteleria\\\/#\\\/schema\\\/logo\\\/image\\\/\"},\"sameAs\":[\"https:\\\/\\\/x.com\\\/suministros\",\"https:\\\/\\\/www.instagram.com\\\/suministrosrober\\\/\",\"https:\\\/\\\/www.pinterest.es\\\/suministrosrober\",\"https:\\\/\\\/www.youtube.com\\\/user\\\/OfertasSuministros\"]}]}<\/script>\n<!-- \/ Yoast SEO plugin. -->","yoast_head_json":{"title":"Maquinaria Industrial para Hosteler\u00eda | \u25b7 HOSTELER\u00cdA MAQUINARIA\u00ae","robots":{"index":"index","follow":"follow","max-snippet":"max-snippet:-1","max-image-preview":"max-image-preview:large","max-video-preview":"max-video-preview:-1"},"canonical":"https:\/\/www.maquinaria-hosteleria.net\/hosteleria\/maquinaria-industrial-hosteleria\/","og_locale":"es_ES","og_type":"article","og_title":"Maquinaria Industrial para Hosteler\u00eda | \u25b7 HOSTELER\u00cdA MAQUINARIA\u00ae","og_description":"Tenemos toda la maquinaria esencial para la Hosteler\u00eda. Su equipamiento completo para&nbsp;maquinaria&nbsp;industrial de&nbsp;hosteler\u00eda. Para restaurantes, bares, cafeter\u00edas y hoteles. Con los precios m\u00e1s competitivos y las mejores marcas. Marcas en exclusiva Fabricado en Espa\u00f1a. Fabricaci\u00f3n de maquinaria Industrial propia para la Hosteler\u00eda. Los mejores precios en Maquinaria Industrial para Hosteler\u00eda. Descarga los cat\u00e1logos PDF y [&hellip;]","og_url":"https:\/\/www.maquinaria-hosteleria.net\/hosteleria\/maquinaria-industrial-hosteleria\/","og_site_name":"\u25b7 HOSTELER\u00cdA MAQUINARIA\u00ae","article_modified_time":"2021-06-22T07:19:24+00:00","og_image":[{"width":2151,"height":1137,"url":"https:\/\/www.maquinaria-hosteleria.net\/hosteleria\/wp-content\/uploads\/2020\/11\/maquinaria-web.jpg","type":"image\/jpeg"}],"twitter_card":"summary_large_image","twitter_site":"@suministros","twitter_misc":{"Tiempo de lectura":"1 minuto"},"schema":{"@context":"https:\/\/schema.org","@graph":[{"@type":"WebPage","@id":"https:\/\/www.maquinaria-hosteleria.net\/hosteleria\/maquinaria-industrial-hosteleria\/","url":"https:\/\/www.maquinaria-hosteleria.net\/hosteleria\/maquinaria-industrial-hosteleria\/","name":"Maquinaria Industrial para Hosteler\u00eda | \u25b7 HOSTELER\u00cdA MAQUINARIA\u00ae","isPartOf":{"@id":"https:\/\/www.maquinaria-hosteleria.net\/hosteleria\/#website"},"primaryImageOfPage":{"@id":"https:\/\/www.maquinaria-hosteleria.net\/hosteleria\/maquinaria-industrial-hosteleria\/#primaryimage"},"image":{"@id":"https:\/\/www.maquinaria-hosteleria.net\/hosteleria\/maquinaria-industrial-hosteleria\/#primaryimage"},"thumbnailUrl":"https:\/\/www.maquinaria-hosteleria.net\/hosteleria\/wp-content\/uploads\/2020\/11\/maquinaria-web.jpg","datePublished":"2021-06-22T07:11:19+00:00","dateModified":"2021-06-22T07:19:24+00:00","breadcrumb":{"@id":"https:\/\/www.maquinaria-hosteleria.net\/hosteleria\/maquinaria-industrial-hosteleria\/#breadcrumb"},"inLanguage":"es","potentialAction":[{"@type":"ReadAction","target":["https:\/\/www.maquinaria-hosteleria.net\/hosteleria\/maquinaria-industrial-hosteleria\/"]}]},{"@type":"ImageObject","inLanguage":"es","@id":"https:\/\/www.maquinaria-hosteleria.net\/hosteleria\/maquinaria-industrial-hosteleria\/#primaryimage","url":"https:\/\/www.maquinaria-hosteleria.net\/hosteleria\/wp-content\/uploads\/2020\/11\/maquinaria-web.jpg","contentUrl":"https:\/\/www.maquinaria-hosteleria.net\/hosteleria\/wp-content\/uploads\/2020\/11\/maquinaria-web.jpg","width":2151,"height":1137,"caption":"Maquinaria Industrial Hosteleria"},{"@type":"BreadcrumbList","@id":"https:\/\/www.maquinaria-hosteleria.net\/hosteleria\/maquinaria-industrial-hosteleria\/#breadcrumb","itemListElement":[{"@type":"ListItem","position":1,"name":"Portada","item":"https:\/\/www.maquinaria-hosteleria.net\/hosteleria\/"},{"@type":"ListItem","position":2,"name":"Maquinaria Industrial para Hosteler\u00eda"}]},{"@type":"WebSite","@id":"https:\/\/www.maquinaria-hosteleria.net\/hosteleria\/#website","url":"https:\/\/www.maquinaria-hosteleria.net\/hosteleria\/","name":"\u25b7 HOSTELER\u00cdA MAQUINARIA\u00ae","description":"Especialistas en Venta de Maquinaria de Hosteler\u00eda a los mejores precios. \u2705 Cocinas, Vitrinas, Equipamiento en Maquinaria para Hoteles, Restaurantes, Bares, Negocios \u2705 Calidad y primeras marcas.","publisher":{"@id":"https:\/\/www.maquinaria-hosteleria.net\/hosteleria\/#organization"},"potentialAction":[{"@type":"SearchAction","target":{"@type":"EntryPoint","urlTemplate":"https:\/\/www.maquinaria-hosteleria.net\/hosteleria\/?s={search_term_string}"},"query-input":{"@type":"PropertyValueSpecification","valueRequired":true,"valueName":"search_term_string"}}],"inLanguage":"es"},{"@type":"Organization","@id":"https:\/\/www.maquinaria-hosteleria.net\/hosteleria\/#organization","name":"Maquinaria Hosteler\u00eda","url":"https:\/\/www.maquinaria-hosteleria.net\/hosteleria\/","logo":{"@type":"ImageObject","inLanguage":"es","@id":"https:\/\/www.maquinaria-hosteleria.net\/hosteleria\/#\/schema\/logo\/image\/","url":"https:\/\/www.maquinaria-hosteleria.net\/hosteleria\/wp-content\/uploads\/2020\/11\/maquinaria-hosteleria-2021.jpg","contentUrl":"https:\/\/www.maquinaria-hosteleria.net\/hosteleria\/wp-content\/uploads\/2020\/11\/maquinaria-hosteleria-2021.jpg","width":1100,"height":776,"caption":"Maquinaria Hosteler\u00eda"},"image":{"@id":"https:\/\/www.maquinaria-hosteleria.net\/hosteleria\/#\/schema\/logo\/image\/"},"sameAs":["https:\/\/x.com\/suministros","https:\/\/www.instagram.com\/suministrosrober\/","https:\/\/www.pinterest.es\/suministrosrober","https:\/\/www.youtube.com\/user\/OfertasSuministros"]}]}},"_links":{"self":[{"href":"https:\/\/www.maquinaria-hosteleria.net\/hosteleria\/wp-json\/wp\/v2\/pages\/195","targetHints":{"allow":["GET"]}}],"collection":[{"href":"https:\/\/www.maquinaria-hosteleria.net\/hosteleria\/wp-json\/wp\/v2\/pages"}],"about":[{"href":"https:\/\/www.maquinaria-hosteleria.net\/hosteleria\/wp-json\/wp\/v2\/types\/page"}],"author":[{"embeddable":true,"href":"https:\/\/www.maquinaria-hosteleria.net\/hosteleria\/wp-json\/wp\/v2\/users\/1"}],"replies":[{"embeddable":true,"href":"https:\/\/www.maquinaria-hosteleria.net\/hosteleria\/wp-json\/wp\/v2\/comments?post=195"}],"version-history":[{"count":9,"href":"https:\/\/www.maquinaria-hosteleria.net\/hosteleria\/wp-json\/wp\/v2\/pages\/195\/revisions"}],"predecessor-version":[{"id":207,"href":"https:\/\/www.maquinaria-hosteleria.net\/hosteleria\/wp-json\/wp\/v2\/pages\/195\/revisions\/207"}],"wp:featuredmedia":[{"embeddable":true,"href":"https:\/\/www.maquinaria-hosteleria.net\/hosteleria\/wp-json\/wp\/v2\/media\/94"}],"wp:attachment":[{"href":"https:\/\/www.maquinaria-hosteleria.net\/hosteleria\/wp-json\/wp\/v2\/media?parent=195"}],"curies":[{"name":"wp","href":"https:\/\/api.w.org\/{rel}","templated":true}]}}